{"id":1012,"date":"2019-06-07T15:25:42","date_gmt":"2019-06-07T23:25:42","guid":{"rendered":"https:\/\/www.reachoutoregon.org\/voces\/"},"modified":"2021-08-27T13:57:56","modified_gmt":"2021-08-27T21:57:56","slug":"voces","status":"publish","type":"page","link":"https:\/\/www.reachoutoregon.org\/es\/voces\/","title":{"rendered":"Voces"},"content":{"rendered":"<p>[et_pb_section fb_built=\u00bb1&#8243; admin_label=\u00bbHero\u00bb module_class=\u00bbheroes\u00bb _builder_version=\u00bb4.0.6&#8243; background_image=\u00bbhttps:\/\/www.reachoutoregon.org\/wp-content\/uploads\/2019\/06\/voices-hero.jpg\u00bb collapsed=\u00bbon\u00bb][et_pb_row admin_label=\u00bbRow\u00bb _builder_version=\u00bb3.25&#8243; width=\u00bb100%\u00bb min_height_tablet=\u00bb\u00bb min_height_phone=\u00bb\u00bb min_height_last_edited=\u00bbon|phone\u00bb custom_margin=\u00bb|auto|180px|auto||\u00bb custom_padding=\u00bb|||1px||\u00bb hover_enabled=\u00bb0&#8243; collapsed=\u00bbon\u00bb][et_pb_column type=\u00bb4_4&#8243; _builder_version=\u00bb3.25&#8243; custom_padding=\u00bb|||\u00bb custom_padding__hover=\u00bb|||\u00bb][et_pb_text admin_label=\u00bbPage Name &#8211; Dynamic\u00bb _builder_version=\u00bb4.0.6&#8243; _dynamic_attributes=\u00bbcontent\u00bb header_font=\u00bb|700|||||||\u00bb header_text_align=\u00bbcenter\u00bb header_text_color=\u00bb#ffffff\u00bb header_font_size=\u00bb42px\u00bb custom_margin=\u00bb60px||||false|false\u00bb hover_enabled=\u00bb0&#8243; header_text_shadow_style=\u00bbpreset1&#8243;]@ET-DC@eyJkeW5hbWljIjp0cnVlLCJjb250ZW50IjoicG9zdF90aXRsZSIsInNldHRpbmdzIjp7ImJlZm9yZSI6IjxoMT7CoCIsImFmdGVyIjoiPC9oMT4ifX0=@[\/et_pb_text][\/et_pb_column][\/et_pb_row][\/et_pb_section][et_pb_section fb_built=\u00bb1&#8243; admin_label=\u00bbIntro\u00bb _builder_version=\u00bb3.22.5&#8243; collapsed=\u00bboff\u00bb][et_pb_row _builder_version=\u00bb3.29.3&#8243; collapsed=\u00bboff\u00bb][et_pb_column type=\u00bb4_4&#8243; _builder_version=\u00bb3.25&#8243; custom_padding=\u00bb|||\u00bb custom_padding__hover=\u00bb|||\u00bb][et_pb_text admin_label=\u00bbIntro Text &#8211; 1&#8243; _builder_version=\u00bb4.0.6&#8243; text_font=\u00bb||||||||\u00bb text_orientation=\u00bbcenter\u00bb custom_padding=\u00bb31px|||||\u00bb]<\/p>\n<p>En Reach Out Oregon, queremos que se escuche cada voz. Compartir nuestras historias es vital para reducir el estigma y construir una s\u00f3lida red de apoyo para las familias de Oregon.<\/p>\n<p>Tu historia importa. Queremos comprender las necesidades de los miembros de nuestra comunidad y, para comprender sus necesidades, primero necesitamos conocer su historia. Al compartir su testimonio personal con nosotros, no solo contribuir\u00e1 a mejorar su propio sistema de apoyo, sino tambi\u00e9n los sistemas de apoyo de otros en su comunidad. As\u00ed que, por favor, comparta la historia de su familia con nosotros y \u00fanase a aquellos que ya han compartido sus testimonios para ayudar a aumentar la calidad y la capacidad del apoyo que podemos brindarle a usted y a su comunidad.<\/p>\n<p>Mientras escucha las voces \u00fanicas aqu\u00ed, esperamos que se sienta inspirado para acercarse y compartir su perspectiva.<\/p>\n<p>[\/et_pb_text][\/et_pb_column][\/et_pb_row][et_pb_row _builder_version=\u00bb3.29.3&#8243; collapsed=\u00bboff\u00bb][et_pb_column type=\u00bb4_4&#8243; _builder_version=\u00bb3.25&#8243; custom_padding=\u00bb|||\u00bb custom_padding__hover=\u00bb|||\u00bb][et_pb_text admin_label=\u00bbIntro Text &#8211; 2&#8243; _builder_version=\u00bb4.0.6&#8243; text_font=\u00bb|700|||||||\u00bb text_text_color=\u00bb#EEB65E\u00bb text_font_size=\u00bb18px\u00bb text_line_height=\u00bb28px\u00bb text_orientation=\u00bbcenter\u00bb custom_padding=\u00bb32px|||||\u00bb]<\/p>\n<p>Conoce a algunos miembros de nuestra incre\u00edble comunidad de Oregon y descubre por qu\u00e9 llegaron.<\/p>\n<p>[\/et_pb_text][\/et_pb_column][\/et_pb_row][\/et_pb_section][et_pb_section fb_built=\u00bb1&#8243; fullwidth=\u00bbon\u00bb admin_label=\u00bbVideos\u00bb _builder_version=\u00bb3.29.3&#8243; collapsed=\u00bboff\u00bb][et_pb_fullwidth_code _builder_version=\u00bb3.22.5&#8243;][\/et_pb_fullwidth_code][\/et_pb_section][et_pb_section fb_built=\u00bb1&#8243; admin_label=\u00bbTestimonials Form\u00bb module_class=\u00bbtestimonials-form-container\u00bb _builder_version=\u00bb3.22.5&#8243; collapsed=\u00bbon\u00bb][et_pb_row admin_label=\u00bbRow\u00bb _builder_version=\u00bb3.25&#8243; collapsed=\u00bboff\u00bb][et_pb_column type=\u00bb4_4&#8243; _builder_version=\u00bb3.25&#8243; custom_padding=\u00bb|||\u00bb custom_padding__hover=\u00bb|||\u00bb][et_pb_text admin_label=\u00bbIntro\u00bb _builder_version=\u00bb3.27.4&#8243;]<\/p>\n<p style=\"text-align: center;\"><strong>\u00bfTe ha inspirado Reach Out Oregon? \u00a1Cu\u00e9ntanos sobre esto!<\/strong><\/p>\n<p>[\/et_pb_text][et_pb_code admin_label=\u00bbForm Code\u00bb _builder_version=\u00bb3.22.5&#8243;]<pee><div class=\"strong-view strong-form strong-view-id-1 default-form wpmtst-default-form testimonials_form\" data-state=\"idle\"><div class=\"strong-form-wait\" data-formid=\"1\"><div class=\"message\"><img decoding=\"async\" src=\"https:\/\/www.reachoutoregon.org\/wp-content\/plugins\/strong-testimonials\/assets\/public\/svg\/spinner-solid.svg\" alt=\"Strong Testimonials form submission spinner.\"><\/div><\/div><div class=\"wpmtst-form wpmtst-form-id-1\"><div class=\"strong-form-inner\"><form class=\"wpmtst-submission-form\" method=\"post\" enctype=\"multipart\/form-data\" autocomplete=\"off\" data-config=\"{&quot;scroll&quot;:{&quot;onError&quot;:true,&quot;onErrorOffset&quot;:80,&quot;onSuccess&quot;:true,&quot;onSuccessOffset&quot;:80},&quot;fields&quot;:[{&quot;name&quot;:&quot;client_name&quot;,&quot;type&quot;:&quot;text&quot;,&quot;required&quot;:1},{&quot;name&quot;:&quot;the_name&quot;,&quot;type&quot;:&quot;text&quot;,&quot;required&quot;:1},{&quot;name&quot;:&quot;email&quot;,&quot;type&quot;:&quot;email&quot;,&quot;required&quot;:0},{&quot;name&quot;:&quot;post_content&quot;,&quot;type&quot;:&quot;textarea&quot;,&quot;required&quot;:1}]}\" data-formid = \"1\"><div style=\"display: none;\"><input type=\"hidden\" id=\"wpmtst_form_nonce\" name=\"wpmtst_form_nonce\" value=\"ef8fe173a7\" \/><input type=\"hidden\" name=\"_wp_http_referer\" value=\"\/es\/wp-json\/wp\/v2\/pages\/1012\" \/><input type=\"hidden\" name=\"action\" value=\"wpmtst_form\"><input type=\"hidden\" name=\"form_id\" value=\"1\"><input type=\"hidden\" name=\"default_category\" value=\"\"><input type=\"hidden\" name=\"view_id\" value=\"1\"><input type=\"hidden\" name=\"category\" value=\"\"><\/div><div class=\"form-field field-client_name\"><input id=\"wpmtst_client_name\" type=\"text\" class=\"text\" name=\"client_name\"  value=\"\" placeholder=\"Username\"   required tabindex=\"0\"><span class=\"after\"><\/span><\/div><div class=\"form-field field-the_name\"><input id=\"wpmtst_the_name\" type=\"text\" class=\"text\" name=\"the_name\"  value=\"\" placeholder=\"Name\"   required tabindex=\"0\"><span class=\"after\"><\/span><\/div><div class=\"form-field field-email\"><input id=\"wpmtst_email\" type=\"email\" class=\"text email\" name=\"email\"  value=\"\" placeholder=\"Email\"   tabindex=\"0\"><span class=\"after\"><\/span><\/div><div class=\"form-field field-post_content\"><textarea id=\"wpmtst_post_content\" name=\"post_content\" class=\"textarea\"  required placeholder=\"Testimonial\"  tabindex=\"0\"><\/textarea><span class=\"after\"><\/span><\/div><div class=\"form-field wpmtst-submit\"><label><input type=\"submit\" class=\"wpmtst_submit_testimonial\" name=\"wpmtst_submit_testimonial\" value=\"SUBMIT\" class=\"button\" tabindex=\"0\"><\/label><\/div><\/form><\/div><\/div><\/div><\/pee>[\/et_pb_code][\/et_pb_column][\/et_pb_row][\/et_pb_section][et_pb_section fb_built=\"1\" disabled_on=\"off|off|off\" admin_label=\"Testimonials\" module_class=\"testimonials-view-container\" _builder_version=\"4.0.6\" collapsed=\"off\"][et_pb_row admin_label=\"Row\" _builder_version=\"3.25\" collapsed=\"on\"][et_pb_column type=\"4_4\" _builder_version=\"3.25\" custom_padding=\"|||\" custom_padding__hover=\"|||\"][et_pb_code admin_label=\"Testimonials Code\" _builder_version=\"3.22.5\"]<pee><div class=\"strong-view strong-view-id-3 modern wpmtst-modern testimonials_slideshow slider-container slider-mode-fade slider-adaptive controls-style-buttons nav-position-inside\" data-count=\"0\" data-slider-var=\"strong_slider_id_3\" data-state=\"idle\"><div class=\"strong-content wpmslider-content\"><!-- Slick slider modification --><div class=\"dp-dfg-items\"><\/div><!-- End slick slider modification --><\/div><!-- Slick slider arrows --><div class=\"arrowsContainer\"><a href=\"#\" class=\"slk-left\"><img decoding=\"async\"  src=\"\/wp-content\/themes\/roo-child\/images\/slick-arrow-left.png\"><\/a><span class=\"slickcounterTestimonials\"><\/span><a href=\"#\" class=\"slk-right\"><img decoding=\"async\" src=\"\/wp-content\/themes\/roo-child\/images\/slick-arrow-right.png\"><\/a><\/div><!-- End Slick slider arrows --><\/div><script>\n    jQuery( document ).ready(function($) {\n        if($(\".testimonials_form\").length){\n            var current_slide = 1;\n            var total_slides = $('.t-slide').length;\n            $(\".testimonials-numbers\").html(1 + \" \/ \" + total_slides);\n            setTimeout(function(){    \n                $(\".wpmslider-next\").click(function() {\n                    current_slide++;\n                    if (current_slide > total_slides) {current_slide = 1;}\n                    $(\".testimonials-numbers\").html(current_slide + \" \/ \" + total_slides);\n                    console.log('next');\n                });\n                $(\".wpmslider-prev\").click(function() {\n                    current_slide--;\n                    if (current_slide < 1) {current_slide = total_slides;}\n                    $(\".testimonials-numbers\").html(current_slide + \" \/ \" + total_slides);\n                    console.log('pre');\n                });\n            }, 600);\n        }\n});\n        \n<\/script><\/pee>[\/et_pb_code][\/et_pb_column][\/et_pb_row][\/et_pb_section][et_pb_section fb_built=\"1\" admin_label=\"Global CTA Component\" module_id=\"thanks-reaching-out\" _builder_version=\"3.22.5\" background_color=\"#D7E4B0\" custom_margin=\"0px|||||\" custom_padding=\"31px||56px|||\" global_module=\"215\" saved_tabs=\"all\" collapsed=\"on\"][et_pb_row admin_label=\"Module Row\" _builder_version=\"3.25\" custom_padding=\"56px|||||\"][et_pb_column type=\"4_4\" _builder_version=\"3.25\" custom_padding=\"|||\" custom_padding__hover=\"|||\"][et_pb_text admin_label=\"Thanks for reaching out Text\" _builder_version=\"3.27.4\" header_font=\"||||||||\" header_3_font=\"||||||||\" header_3_text_align=\"center\" header_3_text_color=\"#1A2E3F\" header_3_font_size=\"35px\" header_3_letter_spacing=\"-0.2px\" header_3_line_height=\"50px\" header_3_font_size_tablet=\"\" header_3_font_size_phone=\"30px\" header_3_font_size_last_edited=\"on|phone\"]<\/p>\n<h3><span class=\"classical\">Gracias<\/span> por<br \/>\nContactarnos<\/h3>\n<p>[\/et_pb_text][\/et_pb_column][\/et_pb_row][et_pb_row column_structure=\"1_3,1_3,1_3\" _builder_version=\"3.25\" custom_padding=\"||60px|||\"][et_pb_column type=\"1_3\" _builder_version=\"3.25\" custom_padding=\"|||\" custom_padding__hover=\"|||\"][et_pb_button button_url=\"#\" button_text=\"Contribuir\" button_alignment=\"center\" admin_label=\"Contribute Button\" module_id=\"cont-btn\" module_class=\"btn-cont\" _builder_version=\"3.22.5\" custom_button=\"on\" button_text_size=\"14px\" button_text_color=\"#ffffff\" button_bg_color=\"#1A2E3F\" button_border_width=\"0px\" button_border_color=\"rgba(0,0,0,0)\" button_border_radius=\"100px\" button_letter_spacing=\"1px\" button_font=\"|||on|||||\" button_use_icon=\"off\" background_layout=\"dark\" custom_padding=\"19px|40px|19px|68px\"][\/et_pb_button][\/et_pb_column][et_pb_column type=\"1_3\" _builder_version=\"3.25\" custom_padding=\"|||\" custom_padding__hover=\"|||\"][et_pb_button button_url=\"#\" button_text=\"Voluntaria\" button_alignment=\"center\" admin_label=\"Volunteer Button\" module_class=\"btn-volont\" _builder_version=\"3.22.5\" custom_button=\"on\" button_text_size=\"14px\" button_text_color=\"#ffffff\" button_bg_color=\"#1A2E3F\" button_border_width=\"0px\" button_border_color=\"rgba(0,0,0,0)\" button_border_radius=\"100px\" button_letter_spacing=\"1px\" button_font=\"|||on|||||\" button_use_icon=\"off\" background_layout=\"dark\" custom_padding=\"19px|40px|19px|62px\"][\/et_pb_button][\/et_pb_column][et_pb_column type=\"1_3\" _builder_version=\"3.25\" custom_padding=\"|||\" custom_padding__hover=\"|||\"][et_pb_button button_url=\"https:\/\/www.reachoutoregon.org\/es\/conexiones\/\" button_text=\"Conectar\" button_alignment=\"center\" admin_label=\"Connect Button\" module_class=\"btn-connect\" _builder_version=\"3.22.5\" custom_button=\"on\" button_text_size=\"14px\" button_text_color=\"#ffffff\" button_bg_color=\"#1A2E3F\" button_border_width=\"0px\" button_border_color=\"rgba(0,0,0,0)\" button_border_radius=\"100px\" button_letter_spacing=\"1px\" button_font=\"|||on|||||\" button_use_icon=\"off\" background_layout=\"dark\" custom_padding=\"19px|40px|19px|62px\"][\/et_pb_button][\/et_pb_column][\/et_pb_row][et_pb_row _builder_version=\"3.25\" custom_margin=\"|647px||auto||\" collapsed=\"on\"][et_pb_column type=\"4_4\" _builder_version=\"3.25\" custom_padding=\"|||\" custom_padding__hover=\"|||\"][et_pb_text admin_label=\"Body Copy\" _builder_version=\"3.27.4\" width=\"100%\" custom_padding=\"0px|||||\"][\/et_pb_text][\/et_pb_column][\/et_pb_row][\/et_pb_section]<\/p>\n","protected":false},"excerpt":{"rendered":"<p>En Reach Out Oregon, queremos que se escuche cada voz. Compartir nuestras historias es vital para reducir el estigma y construir una s\u00f3lida red de apoyo para las familias de Oregon. Tu historia importa. Queremos comprender las necesidades de los miembros de nuestra comunidad y, para comprender sus necesidades, primero necesitamos conocer su historia. Al [&hellip;]<\/p>\n","protected":false},"author":4,"featured_media":0,"parent":0,"menu_order":65,"comment_status":"closed","ping_status":"closed","template":"","meta":{"_acf_changed":false,"_bbp_topic_count":0,"_bbp_reply_count":0,"_bbp_total_topic_count":0,"_bbp_total_reply_count":0,"_bbp_voice_count":0,"_bbp_anonymous_reply_count":0,"_bbp_topic_count_hidden":0,"_bbp_reply_count_hidden":0,"_bbp_forum_subforum_count":0,"_et_pb_use_builder":"on","_et_pb_old_content":"","_et_gb_content_width":"","_relevanssi_hide_post":"","_relevanssi_hide_content":"","_relevanssi_pin_for_all":"","_relevanssi_pin_keywords":"","_relevanssi_unpin_keywords":"","_relevanssi_related_keywords":"","_relevanssi_related_include_ids":"","_relevanssi_related_exclude_ids":"","_relevanssi_related_no_append":"","_relevanssi_related_not_related":"","_relevanssi_related_posts":"","_relevanssi_noindex_reason":"","footnotes":""},"class_list":["post-1012","page","type-page","status-publish","hentry"],"acf":[],"yoast_head":"<!-- This site is optimized with the Yoast SEO plugin v27.3 - https:\/\/yoast.com\/product\/yoast-seo-wordpress\/ -->\n<title>Voces - Oregon Family Support Network Parent Warmline<\/title>\n<meta name=\"robots\" content=\"index, follow, max-snippet:-1, max-image-preview:large, max-video-preview:-1\" \/>\n<link rel=\"canonical\" href=\"https:\/\/www.reachoutoregon.org\/voices\/\" \/>\n<meta property=\"og:locale\" content=\"es_ES\" \/>\n<meta property=\"og:type\" content=\"article\" \/>\n<meta property=\"og:title\" content=\"Voces - Oregon Family Support Network Parent Warmline\" \/>\n<meta property=\"og:description\" content=\"En Reach Out Oregon, queremos que se escuche cada voz. Compartir nuestras historias es vital para reducir el estigma y construir una s\u00f3lida red de apoyo para las familias de Oregon. Tu historia importa. Queremos comprender las necesidades de los miembros de nuestra comunidad y, para comprender sus necesidades, primero necesitamos conocer su historia. Al [&hellip;]\" \/>\n<meta property=\"og:url\" content=\"https:\/\/www.reachoutoregon.org\/voices\/\" \/>\n<meta property=\"og:site_name\" content=\"Oregon Family Support Network Parent Warmline\" \/>\n<meta property=\"article:modified_time\" content=\"2021-08-27T21:57:56+00:00\" \/>\n<meta name=\"twitter:card\" content=\"summary_large_image\" \/>\n<meta name=\"twitter:label1\" content=\"Tiempo de lectura\" \/>\n\t<meta name=\"twitter:data1\" content=\"5 minutos\" \/>\n<script type=\"application\/ld+json\" class=\"yoast-schema-graph\">{\"@context\":\"https:\\\/\\\/schema.org\",\"@graph\":[{\"@type\":\"WebPage\",\"@id\":\"https:\\\/\\\/www.reachoutoregon.org\\\/voices\\\/\",\"url\":\"https:\\\/\\\/www.reachoutoregon.org\\\/voices\\\/\",\"name\":\"Voces - Oregon Family Support Network Parent Warmline\",\"isPartOf\":{\"@id\":\"https:\\\/\\\/www.reachoutoregon.org\\\/#website\"},\"datePublished\":\"2019-06-07T23:25:42+00:00\",\"dateModified\":\"2021-08-27T21:57:56+00:00\",\"breadcrumb\":{\"@id\":\"https:\\\/\\\/www.reachoutoregon.org\\\/voices\\\/#breadcrumb\"},\"inLanguage\":\"es\",\"potentialAction\":[{\"@type\":\"ReadAction\",\"target\":[\"https:\\\/\\\/www.reachoutoregon.org\\\/voices\\\/\"]}]},{\"@type\":\"BreadcrumbList\",\"@id\":\"https:\\\/\\\/www.reachoutoregon.org\\\/voices\\\/#breadcrumb\",\"itemListElement\":[{\"@type\":\"ListItem\",\"position\":1,\"name\":\"Home\",\"item\":\"https:\\\/\\\/www.reachoutoregon.org\\\/es\\\/\"},{\"@type\":\"ListItem\",\"position\":2,\"name\":\"Voces\"}]},{\"@type\":\"WebSite\",\"@id\":\"https:\\\/\\\/www.reachoutoregon.org\\\/#website\",\"url\":\"https:\\\/\\\/www.reachoutoregon.org\\\/\",\"name\":\"Oregon Family Support Network Parent Warmline\",\"description\":\"Una acuipo de apoyo de familiares y amigos.\",\"potentialAction\":[{\"@type\":\"SearchAction\",\"target\":{\"@type\":\"EntryPoint\",\"urlTemplate\":\"https:\\\/\\\/www.reachoutoregon.org\\\/?s={search_term_string}\"},\"query-input\":{\"@type\":\"PropertyValueSpecification\",\"valueRequired\":true,\"valueName\":\"search_term_string\"}}],\"inLanguage\":\"es\"}]}<\/script>\n<!-- \/ Yoast SEO plugin. -->","yoast_head_json":{"title":"Voces - Oregon Family Support Network Parent Warmline","robots":{"index":"index","follow":"follow","max-snippet":"max-snippet:-1","max-image-preview":"max-image-preview:large","max-video-preview":"max-video-preview:-1"},"canonical":"https:\/\/www.reachoutoregon.org\/voices\/","og_locale":"es_ES","og_type":"article","og_title":"Voces - Oregon Family Support Network Parent Warmline","og_description":"En Reach Out Oregon, queremos que se escuche cada voz. Compartir nuestras historias es vital para reducir el estigma y construir una s\u00f3lida red de apoyo para las familias de Oregon. Tu historia importa. Queremos comprender las necesidades de los miembros de nuestra comunidad y, para comprender sus necesidades, primero necesitamos conocer su historia. Al [&hellip;]","og_url":"https:\/\/www.reachoutoregon.org\/voices\/","og_site_name":"Oregon Family Support Network Parent Warmline","article_modified_time":"2021-08-27T21:57:56+00:00","twitter_card":"summary_large_image","twitter_misc":{"Tiempo de lectura":"5 minutos"},"schema":{"@context":"https:\/\/schema.org","@graph":[{"@type":"WebPage","@id":"https:\/\/www.reachoutoregon.org\/voices\/","url":"https:\/\/www.reachoutoregon.org\/voices\/","name":"Voces - Oregon Family Support Network Parent Warmline","isPartOf":{"@id":"https:\/\/www.reachoutoregon.org\/#website"},"datePublished":"2019-06-07T23:25:42+00:00","dateModified":"2021-08-27T21:57:56+00:00","breadcrumb":{"@id":"https:\/\/www.reachoutoregon.org\/voices\/#breadcrumb"},"inLanguage":"es","potentialAction":[{"@type":"ReadAction","target":["https:\/\/www.reachoutoregon.org\/voices\/"]}]},{"@type":"BreadcrumbList","@id":"https:\/\/www.reachoutoregon.org\/voices\/#breadcrumb","itemListElement":[{"@type":"ListItem","position":1,"name":"Home","item":"https:\/\/www.reachoutoregon.org\/es\/"},{"@type":"ListItem","position":2,"name":"Voces"}]},{"@type":"WebSite","@id":"https:\/\/www.reachoutoregon.org\/#website","url":"https:\/\/www.reachoutoregon.org\/","name":"Oregon Family Support Network Parent Warmline","description":"Una acuipo de apoyo de familiares y amigos.","potentialAction":[{"@type":"SearchAction","target":{"@type":"EntryPoint","urlTemplate":"https:\/\/www.reachoutoregon.org\/?s={search_term_string}"},"query-input":{"@type":"PropertyValueSpecification","valueRequired":true,"valueName":"search_term_string"}}],"inLanguage":"es"}]}},"_links":{"self":[{"href":"https:\/\/www.reachoutoregon.org\/es\/wp-json\/wp\/v2\/pages\/1012","targetHints":{"allow":["GET"]}}],"collection":[{"href":"https:\/\/www.reachoutoregon.org\/es\/wp-json\/wp\/v2\/pages"}],"about":[{"href":"https:\/\/www.reachoutoregon.org\/es\/wp-json\/wp\/v2\/types\/page"}],"author":[{"embeddable":true,"href":"https:\/\/www.reachoutoregon.org\/es\/wp-json\/wp\/v2\/users\/4"}],"replies":[{"embeddable":true,"href":"https:\/\/www.reachoutoregon.org\/es\/wp-json\/wp\/v2\/comments?post=1012"}],"version-history":[{"count":0,"href":"https:\/\/www.reachoutoregon.org\/es\/wp-json\/wp\/v2\/pages\/1012\/revisions"}],"wp:attachment":[{"href":"https:\/\/www.reachoutoregon.org\/es\/wp-json\/wp\/v2\/media?parent=1012"}],"curies":[{"name":"wp","href":"https:\/\/api.w.org\/{rel}","templated":true}]}}